{"id":1272,"date":"2018-08-01T14:37:32","date_gmt":"2018-08-01T14:37:32","guid":{"rendered":"https:\/\/prusament.com\/story-behind-prusament\/"},"modified":"2018-09-23T18:24:50","modified_gmt":"2018-09-23T16:24:50","slug":"historia-prusamentu","status":"publish","type":"page","link":"https:\/\/prusament.com\/pl\/historia-prusamentu\/","title":{"rendered":"Historia Prusamentu"},"content":{"rendered":"","protected":false},"excerpt":{"rendered":"<p>Zawsze d\u0105\u017cyli\u015bmy do tworzenia drukarek 3D tak niezawodnych, jak to mo\u017cliwe. Jednak\u017ce, do tej pory nie mieli\u015bmy wp\u0142ywu na czynnik, kt\u00f3ry o jako\u015bci wydruku decyduje na r\u00f3wni z konstrukcj\u0105 drukarki &#8211; chodzi o jako\u015b\u0107 filamentu. Odchy\u0142ka od zadeklarowanej \u015bredniej wymiarowej, konsystencja barwy czy \u017ar\u00f3d\u0142o surowca&#8230; jako\u015b\u0107 mo\u017ce waha\u0107 si\u0119 nie tylko pomi\u0119dzy producentami, ale nawet pomi\u0119dzy filamentami tej samej marki. Istnia\u0142o tylko jedno odpowiednie dla nas rozwi\u0105zanie. Kupno w\u0142asnych linii produkcyjnych i innego niezb\u0119dnego wyposa\u017cenia, aby\u015bmy mogli zacz\u0105\u0107 produkcj\u0119 w fabryce Prusa Research. Jeste\u015bmy pierwszym producentem drukarek 3D z w\u0142asn\u0105 lini\u0105 produkuj\u0105c\u0105 filament. Za\u0142o\u017cyli\u015bmy nawet osobn\u0105 firm\u0119 nazwan\u0105 Prusa Polymers.<\/p>\n<p>&#8211; Josef Prusa<\/p>\n","protected":false},"author":2,"featured_media":0,"parent":0,"menu_order":0,"comment_status":"closed","ping_status":"closed","template":"","meta":{"footnotes":""},"acf":[],"_links":{"self":[{"href":"https:\/\/prusament.com\/pl\/wp-json\/wp\/v2\/pages\/1272"}],"collection":[{"href":"https:\/\/prusament.com\/pl\/wp-json\/wp\/v2\/pages"}],"about":[{"href":"https:\/\/prusament.com\/pl\/wp-json\/wp\/v2\/types\/page"}],"author":[{"embeddable":true,"href":"https:\/\/prusament.com\/pl\/wp-json\/wp\/v2\/users\/2"}],"replies":[{"embeddable":true,"href":"https:\/\/prusament.com\/pl\/wp-json\/wp\/v2\/comments?post=1272"}],"version-history":[{"count":3,"href":"https:\/\/prusament.com\/pl\/wp-json\/wp\/v2\/pages\/1272\/revisions"}],"predecessor-version":[{"id":1439,"href":"https:\/\/prusament.com\/pl\/wp-json\/wp\/v2\/pages\/1272\/revisions\/1439"}],"wp:attachment":[{"href":"https:\/\/prusament.com\/pl\/wp-json\/wp\/v2\/media?parent=1272"}],"curies":[{"name":"wp","href":"https:\/\/api.w.org\/{rel}","templated":true}]}}