{"id":1178,"date":"2018-08-14T13:15:06","date_gmt":"2018-08-14T11:15:06","guid":{"rendered":"https:\/\/prusament.com\/how-its-made\/"},"modified":"2018-09-21T10:54:34","modified_gmt":"2018-09-21T08:54:34","slug":"jak-to-jest-zrobione","status":"publish","type":"page","link":"https:\/\/prusament.com\/pl\/jak-to-jest-zrobione\/","title":{"rendered":"Jak to jest zrobione"},"content":{"rendered":"","protected":false},"excerpt":{"rendered":"<p>Oferta rynkowa nie zaspokaja\u0142a naszego zapotrzebowania na filament najwy\u017cszej jako\u015bci, wi\u0119c zdecydowali\u015bmy si\u0119 produkowa\u0107 w\u0142asny &#8211; z najlepszych p\u00f3\u0142produkt\u00f3w oraz ze \u015bcis\u0142\u0105 kontrol\u0105 jako\u015bci.<\/p>\n","protected":false},"author":4,"featured_media":1180,"parent":0,"menu_order":0,"comment_status":"closed","ping_status":"closed","template":"","meta":{"footnotes":""},"acf":[],"_links":{"self":[{"href":"https:\/\/prusament.com\/pl\/wp-json\/wp\/v2\/pages\/1178"}],"collection":[{"href":"https:\/\/prusament.com\/pl\/wp-json\/wp\/v2\/pages"}],"about":[{"href":"https:\/\/prusament.com\/pl\/wp-json\/wp\/v2\/types\/page"}],"author":[{"embeddable":true,"href":"https:\/\/prusament.com\/pl\/wp-json\/wp\/v2\/users\/4"}],"replies":[{"embeddable":true,"href":"https:\/\/prusament.com\/pl\/wp-json\/wp\/v2\/comments?post=1178"}],"version-history":[{"count":2,"href":"https:\/\/prusament.com\/pl\/wp-json\/wp\/v2\/pages\/1178\/revisions"}],"predecessor-version":[{"id":1235,"href":"https:\/\/prusament.com\/pl\/wp-json\/wp\/v2\/pages\/1178\/revisions\/1235"}],"wp:featuredmedia":[{"embeddable":true,"href":"https:\/\/prusament.com\/pl\/wp-json\/wp\/v2\/media\/1180"}],"wp:attachment":[{"href":"https:\/\/prusament.com\/pl\/wp-json\/wp\/v2\/media?parent=1178"}],"curies":[{"name":"wp","href":"https:\/\/api.w.org\/{rel}","templated":true}]}}