{"id":1270,"date":"2018-08-01T14:37:32","date_gmt":"2018-08-01T14:37:32","guid":{"rendered":"https:\/\/prusament.com\/story-behind-prusament\/"},"modified":"2018-09-21T11:13:13","modified_gmt":"2018-09-21T09:13:13","slug":"la-storia-di-prusament","status":"publish","type":"page","link":"https:\/\/prusament.com\/it\/la-storia-di-prusament\/","title":{"rendered":"La storia di Prusament"},"content":{"rendered":"","protected":false},"excerpt":{"rendered":"<p>Abbiamo sempre cercato di rendere le nostre stampanti 3D quanto pi\u00f9 affidabili era possibile. Tuttavia, non abbiamo mai avuto la possibilit\u00e0 di influenzare qualcosa che quasi lo stesso impatto sulla qualit\u00e0 delle stampe quanto il design della stampante &#8211; la qualit\u00e0 dei filamenti.<br \/>\nDeviazione dalla media dichiarata, consistenza del colore o materiali utilizzati\u2026 la qualit\u00e0 varia non solo tra i differenti produttori, ma spesso all&#8217;interno di uno stesso marchio. C&#8217;era una sola soluzione possibile per noi. Compriamo i nostri propri macchinari di estrusione e altri materiali, cos\u00ec possiamo iniziare a fabbricare i nostri filamenti direttamente nella fabbica di Prusa Research. Siamo il primo produttore di stampanti 3D con i suoi propri macchinari di produzione del filamento! Abbiamo anche fondato una nuova consociata chiamata Prusa Polymers.<\/p>\n<p>&#8211; Josef Prusa<\/p>\n","protected":false},"author":2,"featured_media":0,"parent":0,"menu_order":0,"comment_status":"closed","ping_status":"closed","template":"","meta":{"footnotes":""},"acf":[],"_links":{"self":[{"href":"https:\/\/prusament.com\/it\/wp-json\/wp\/v2\/pages\/1270"}],"collection":[{"href":"https:\/\/prusament.com\/it\/wp-json\/wp\/v2\/pages"}],"about":[{"href":"https:\/\/prusament.com\/it\/wp-json\/wp\/v2\/types\/page"}],"author":[{"embeddable":true,"href":"https:\/\/prusament.com\/it\/wp-json\/wp\/v2\/users\/2"}],"replies":[{"embeddable":true,"href":"https:\/\/prusament.com\/it\/wp-json\/wp\/v2\/comments?post=1270"}],"version-history":[{"count":2,"href":"https:\/\/prusament.com\/it\/wp-json\/wp\/v2\/pages\/1270\/revisions"}],"predecessor-version":[{"id":1285,"href":"https:\/\/prusament.com\/it\/wp-json\/wp\/v2\/pages\/1270\/revisions\/1285"}],"wp:attachment":[{"href":"https:\/\/prusament.com\/it\/wp-json\/wp\/v2\/media?parent=1270"}],"curies":[{"name":"wp","href":"https:\/\/api.w.org\/{rel}","templated":true}]}}