{"id":1175,"date":"2018-08-14T13:15:06","date_gmt":"2018-08-14T11:15:06","guid":{"rendered":"https:\/\/prusament.com\/how-its-made\/"},"modified":"2018-09-21T10:51:20","modified_gmt":"2018-09-21T08:51:20","slug":"come-fatto","status":"publish","type":"page","link":"https:\/\/prusament.com\/it\/come-fatto\/","title":{"rendered":"Com&#8217;\u00e8 fatto"},"content":{"rendered":"","protected":false},"excerpt":{"rendered":"<p>Il mercato corrente non soddisfa il nostro bisogno di filamenti di alta qualit\u00e0, cos\u00ec abbiamo deciso di farceli da noi &#8211; con i materiali migliori e controlli di qualit\u00e0 severi.<\/p>\n","protected":false},"author":4,"featured_media":1177,"parent":0,"menu_order":0,"comment_status":"closed","ping_status":"closed","template":"","meta":{"footnotes":""},"acf":[],"_links":{"self":[{"href":"https:\/\/prusament.com\/it\/wp-json\/wp\/v2\/pages\/1175"}],"collection":[{"href":"https:\/\/prusament.com\/it\/wp-json\/wp\/v2\/pages"}],"about":[{"href":"https:\/\/prusament.com\/it\/wp-json\/wp\/v2\/types\/page"}],"author":[{"embeddable":true,"href":"https:\/\/prusament.com\/it\/wp-json\/wp\/v2\/users\/4"}],"replies":[{"embeddable":true,"href":"https:\/\/prusament.com\/it\/wp-json\/wp\/v2\/comments?post=1175"}],"version-history":[{"count":2,"href":"https:\/\/prusament.com\/it\/wp-json\/wp\/v2\/pages\/1175\/revisions"}],"predecessor-version":[{"id":1219,"href":"https:\/\/prusament.com\/it\/wp-json\/wp\/v2\/pages\/1175\/revisions\/1219"}],"wp:featuredmedia":[{"embeddable":true,"href":"https:\/\/prusament.com\/it\/wp-json\/wp\/v2\/media\/1177"}],"wp:attachment":[{"href":"https:\/\/prusament.com\/it\/wp-json\/wp\/v2\/media?parent=1175"}],"curies":[{"name":"wp","href":"https:\/\/api.w.org\/{rel}","templated":true}]}}