{"id":1266,"date":"2018-08-01T14:37:32","date_gmt":"2018-08-01T14:37:32","guid":{"rendered":"https:\/\/prusament.com\/story-behind-prusament\/"},"modified":"2018-09-21T11:06:28","modified_gmt":"2018-09-21T09:06:28","slug":"lhistoire-derriere-prusament","status":"publish","type":"page","link":"https:\/\/prusament.com\/fr\/lhistoire-derriere-prusament\/","title":{"rendered":"L&#8217;histoire derri\u00e8re Prusament"},"content":{"rendered":"","protected":false},"excerpt":{"rendered":"<p>Nous nous sommes toujours efforc\u00e9s de rendre nos imprimantes 3D aussi fiables que possible. Cependant, nous n&#8217;avons jamais eu l&#8217;occasion d&#8217;influencer quelque chose qui a presque le m\u00eame impact sur la qualit\u00e9 des impressions 3D que la conception de l&#8217;imprimante elle-m\u00eame &#8211; la qualit\u00e9 des filaments. \u00c9cart par rapport \u00e0 la moyenne d\u00e9clar\u00e9e, coh\u00e9rence des couleurs ou origine des mat\u00e9riaux\u2026 la qualit\u00e9 peut varier non seulement d&#8217;un fabricant \u00e0 l&#8217;autre, mais m\u00eame au sein d&#8217;une m\u00eame marque de filament. Il n&#8217;y avait qu&#8217;une seule solution adapt\u00e9e pour nous. Achetons nos propres lignes d&#8217;extrusion et autres \u00e9quipements, afin que nous puissions commencer \u00e0 fabriquer nos propres filaments directement dans l&#8217;usine de Prusa Research. Nous sommes le tout premier fabricant d&#8217;imprimantes 3D avec ses propres lignes de production de filament ! Nous avons m\u00eame cr\u00e9\u00e9 une nouvelle filiale appel\u00e9e Prusa Polymers.<\/p>\n<p>&#8211; Josef Prusa<\/p>\n","protected":false},"author":2,"featured_media":0,"parent":0,"menu_order":0,"comment_status":"closed","ping_status":"closed","template":"","meta":{"footnotes":""},"acf":[],"_links":{"self":[{"href":"https:\/\/prusament.com\/fr\/wp-json\/wp\/v2\/pages\/1266"}],"collection":[{"href":"https:\/\/prusament.com\/fr\/wp-json\/wp\/v2\/pages"}],"about":[{"href":"https:\/\/prusament.com\/fr\/wp-json\/wp\/v2\/types\/page"}],"author":[{"embeddable":true,"href":"https:\/\/prusament.com\/fr\/wp-json\/wp\/v2\/users\/2"}],"replies":[{"embeddable":true,"href":"https:\/\/prusament.com\/fr\/wp-json\/wp\/v2\/comments?post=1266"}],"version-history":[{"count":2,"href":"https:\/\/prusament.com\/fr\/wp-json\/wp\/v2\/pages\/1266\/revisions"}],"predecessor-version":[{"id":1281,"href":"https:\/\/prusament.com\/fr\/wp-json\/wp\/v2\/pages\/1266\/revisions\/1281"}],"wp:attachment":[{"href":"https:\/\/prusament.com\/fr\/wp-json\/wp\/v2\/media?parent=1266"}],"curies":[{"name":"wp","href":"https:\/\/api.w.org\/{rel}","templated":true}]}}