{"id":1169,"date":"2018-08-14T13:15:06","date_gmt":"2018-08-14T11:15:06","guid":{"rendered":"https:\/\/prusament.com\/how-its-made\/"},"modified":"2018-09-21T10:44:01","modified_gmt":"2018-09-21T08:44:01","slug":"comment-il-est-fabrique","status":"publish","type":"page","link":"https:\/\/prusament.com\/fr\/comment-il-est-fabrique\/","title":{"rendered":"Comment il est fabriqu\u00e9"},"content":{"rendered":"","protected":false},"excerpt":{"rendered":"<p>Le march\u00e9 actuel ne pouvant pas satisfaire nos besoins en filaments de haute qualit\u00e9, nous avons d\u00e9cid\u00e9 de fabriquer les n\u00f4tres \u2013 avec des mat\u00e9riaux de premi\u00e8re qualit\u00e9 et un contr\u00f4le qualit\u00e9 strict.<\/p>\n","protected":false},"author":4,"featured_media":1171,"parent":0,"menu_order":0,"comment_status":"closed","ping_status":"closed","template":"","meta":{"footnotes":""},"acf":[],"_links":{"self":[{"href":"https:\/\/prusament.com\/fr\/wp-json\/wp\/v2\/pages\/1169"}],"collection":[{"href":"https:\/\/prusament.com\/fr\/wp-json\/wp\/v2\/pages"}],"about":[{"href":"https:\/\/prusament.com\/fr\/wp-json\/wp\/v2\/types\/page"}],"author":[{"embeddable":true,"href":"https:\/\/prusament.com\/fr\/wp-json\/wp\/v2\/users\/4"}],"replies":[{"embeddable":true,"href":"https:\/\/prusament.com\/fr\/wp-json\/wp\/v2\/comments?post=1169"}],"version-history":[{"count":2,"href":"https:\/\/prusament.com\/fr\/wp-json\/wp\/v2\/pages\/1169\/revisions"}],"predecessor-version":[{"id":1187,"href":"https:\/\/prusament.com\/fr\/wp-json\/wp\/v2\/pages\/1169\/revisions\/1187"}],"wp:featuredmedia":[{"embeddable":true,"href":"https:\/\/prusament.com\/fr\/wp-json\/wp\/v2\/media\/1171"}],"wp:attachment":[{"href":"https:\/\/prusament.com\/fr\/wp-json\/wp\/v2\/media?parent=1169"}],"curies":[{"name":"wp","href":"https:\/\/api.w.org\/{rel}","templated":true}]}}