{"id":1274,"date":"2018-08-01T14:37:32","date_gmt":"2018-08-01T14:37:32","guid":{"rendered":"https:\/\/prusament.com\/story-behind-prusament\/"},"modified":"2018-09-21T11:22:47","modified_gmt":"2018-09-21T09:22:47","slug":"la-historia-detras-de-prusament","status":"publish","type":"page","link":"https:\/\/prusament.com\/es\/la-historia-detras-de-prusament\/","title":{"rendered":"La historia detr\u00e1s de Prusament"},"content":{"rendered":"","protected":false},"excerpt":{"rendered":"<p>Siempre nos esforzamos por hacer que nuestras impresoras 3D sean lo m\u00e1s fiables posible. Sin embargo, nunca tuvimos la oportunidad de influir en algo que tiene casi el mismo impacto en la calidad de las impresiones 3D que el propio dise\u00f1o de la impresora: la calidad de los filamentos. Desviaci\u00f3n del promedio declarado, la consistencia del color o los materiales de origen &#8230; la calidad puede variar no solo entre los diferentes fabricantes, sino tambi\u00e9n a trav\u00e9s de una sola marca de filamentos. Solo hab\u00eda una soluci\u00f3n adecuada para nosotros. Compremos nuestras propias l\u00edneas de extrusi\u00f3n y otros equipos, para que podamos empezar a fabricar nuestros propios filamentos directamente en la f\u00e1brica Prusa Research. \u00a1Somos el primer fabricante de impresoras 3D con sus propias l\u00edneas de producci\u00f3n de filamentos! Incluso hemos establecido una nueva filial llamada Prusa Polymers.<\/p>\n<p>&#8211; Josef Prusa<\/p>\n","protected":false},"author":2,"featured_media":0,"parent":0,"menu_order":0,"comment_status":"closed","ping_status":"closed","template":"","meta":{"footnotes":""},"acf":[],"_links":{"self":[{"href":"https:\/\/prusament.com\/es\/wp-json\/wp\/v2\/pages\/1274"}],"collection":[{"href":"https:\/\/prusament.com\/es\/wp-json\/wp\/v2\/pages"}],"about":[{"href":"https:\/\/prusament.com\/es\/wp-json\/wp\/v2\/types\/page"}],"author":[{"embeddable":true,"href":"https:\/\/prusament.com\/es\/wp-json\/wp\/v2\/users\/2"}],"replies":[{"embeddable":true,"href":"https:\/\/prusament.com\/es\/wp-json\/wp\/v2\/comments?post=1274"}],"version-history":[{"count":1,"href":"https:\/\/prusament.com\/es\/wp-json\/wp\/v2\/pages\/1274\/revisions"}],"predecessor-version":[{"id":1289,"href":"https:\/\/prusament.com\/es\/wp-json\/wp\/v2\/pages\/1274\/revisions\/1289"}],"wp:attachment":[{"href":"https:\/\/prusament.com\/es\/wp-json\/wp\/v2\/media?parent=1274"}],"curies":[{"name":"wp","href":"https:\/\/api.w.org\/{rel}","templated":true}]}}