{"id":1268,"date":"2018-08-01T14:37:32","date_gmt":"2018-08-01T14:37:32","guid":{"rendered":"https:\/\/prusament.com\/story-behind-prusament\/"},"modified":"2018-09-21T11:08:29","modified_gmt":"2018-09-21T09:08:29","slug":"die-geschichte-von-prusament","status":"publish","type":"page","link":"https:\/\/prusament.com\/de\/die-geschichte-von-prusament\/","title":{"rendered":"Die Geschichte von Prusament"},"content":{"rendered":"","protected":false},"excerpt":{"rendered":"<p>Wir haben uns immer bem\u00fcht, unsere 3D-Drucker so zuverl\u00e4ssig wie m\u00f6glich zu machen. Jedoch hatten wir nie eine Gelegenheit, etwas zu beeinflussen, das fast die gleiche Auswirkung auf die Qualit\u00e4t von 3D-Drucken hat wie der Design des Druckers selber &#8211; die Qualit\u00e4t der Filamente. Abweichungen vom angegebenen Durchschnitt, Farbkonsistenz oder Ausgangsstoffe\u2026 Qualit\u00e4t ist nicht nur von Hersteller zu Hersteller verschieden, aber oftmals sogar innerhalb einer bestimmten Filamentmarke. Es gab nur eine passende L\u00f6sung f\u00fcr uns. Kaufen wir unsere eigenen Extrusionslinien und andere Produktionswerkzeuge, sodass wir damit anfangen k\u00f6nnen, unsere eigenen Filamente direkt in der Fabrik von Prusa Research zu produzieren. Wir sind der allererste Hersteller von 3D-Druckern mit eigenen Filament-Produktionslinien! Wir haben sogar eine neue Tochterfirma namens Prusa Polymers gegr\u00fcndet.<\/p>\n<p>&#8211; Josef Prusa<\/p>\n","protected":false},"author":2,"featured_media":0,"parent":0,"menu_order":0,"comment_status":"closed","ping_status":"closed","template":"","meta":{"footnotes":""},"acf":[],"_links":{"self":[{"href":"https:\/\/prusament.com\/de\/wp-json\/wp\/v2\/pages\/1268"}],"collection":[{"href":"https:\/\/prusament.com\/de\/wp-json\/wp\/v2\/pages"}],"about":[{"href":"https:\/\/prusament.com\/de\/wp-json\/wp\/v2\/types\/page"}],"author":[{"embeddable":true,"href":"https:\/\/prusament.com\/de\/wp-json\/wp\/v2\/users\/2"}],"replies":[{"embeddable":true,"href":"https:\/\/prusament.com\/de\/wp-json\/wp\/v2\/comments?post=1268"}],"version-history":[{"count":2,"href":"https:\/\/prusament.com\/de\/wp-json\/wp\/v2\/pages\/1268\/revisions"}],"predecessor-version":[{"id":1283,"href":"https:\/\/prusament.com\/de\/wp-json\/wp\/v2\/pages\/1268\/revisions\/1283"}],"wp:attachment":[{"href":"https:\/\/prusament.com\/de\/wp-json\/wp\/v2\/media?parent=1268"}],"curies":[{"name":"wp","href":"https:\/\/api.w.org\/{rel}","templated":true}]}}