{"id":1277,"date":"2018-08-01T14:37:32","date_gmt":"2018-08-01T14:37:32","guid":{"rendered":"https:\/\/prusament.com\/story-behind-prusament\/"},"modified":"2018-09-21T11:02:27","modified_gmt":"2018-09-21T09:02:27","slug":"jak-vznikl-prusament","status":"publish","type":"page","link":"https:\/\/prusament.com\/cs\/jak-vznikl-prusament\/","title":{"rendered":"Jak vznikl Prusament"},"content":{"rendered":"","protected":false},"excerpt":{"rendered":"<p>V\u017edy jsme se sna\u017eili, aby na\u0161e 3D tisk\u00e1rny byly co nejspolehliv\u011bj\u0161\u00ed, av\u0161ak nikdy jsme nem\u011bli mo\u017enost ovlivnit n\u011bco, co m\u00e1 t\u00e9m\u011b\u0159 stejn\u00fd dopad na kvalitu 3D tisku, jako design tisk\u00e1rny samotn\u00e9 &#8211; tedy kvalita filamentu. Odchylky od deklarovan\u00e9ho pr\u016fm\u011bru, st\u00e1lost barvy nebo vstupn\u00ed materi\u00e1ly&#8230; kvalita se m\u016f\u017ee li\u0161it nejen mezi v\u00fdrobci, ale \u010dasto dokonce nap\u0159\u00ed\u010d jednou zna\u010dkou filament\u016f. Z t\u00e9to situace pro n\u00e1s vyplynulo jedin\u00e9 v\u00fdchodisko. Poj\u010fme si koupit vlastn\u00ed extruzn\u00ed linky a dal\u0161\u00ed vybaven\u00ed, abychom si mohli vyr\u00e1b\u011bt vlastn\u00ed filament p\u0159\u00edmo v tov\u00e1rn\u011b Prusa Research. Jsme historicky prvn\u00ed v\u00fdrobce 3D tisk\u00e1ren, kter\u00fd m\u00e1 vlastn\u00ed v\u00fdrobu filamentu! Dokonce jsme zalo\u017eili vlastn\u00ed pobo\u010dku s n\u00e1zvem Prusa Polymers.<\/p>\n<p>&#8211; Josef Pr\u016f\u0161a<\/p>\n","protected":false},"author":2,"featured_media":0,"parent":0,"menu_order":0,"comment_status":"closed","ping_status":"closed","template":"","meta":{"footnotes":""},"acf":[],"_links":{"self":[{"href":"https:\/\/prusament.com\/cs\/wp-json\/wp\/v2\/pages\/1277"}],"collection":[{"href":"https:\/\/prusament.com\/cs\/wp-json\/wp\/v2\/pages"}],"about":[{"href":"https:\/\/prusament.com\/cs\/wp-json\/wp\/v2\/types\/page"}],"author":[{"embeddable":true,"href":"https:\/\/prusament.com\/cs\/wp-json\/wp\/v2\/users\/2"}],"replies":[{"embeddable":true,"href":"https:\/\/prusament.com\/cs\/wp-json\/wp\/v2\/comments?post=1277"}],"version-history":[{"count":1,"href":"https:\/\/prusament.com\/cs\/wp-json\/wp\/v2\/pages\/1277\/revisions"}],"predecessor-version":[{"id":1279,"href":"https:\/\/prusament.com\/cs\/wp-json\/wp\/v2\/pages\/1277\/revisions\/1279"}],"wp:attachment":[{"href":"https:\/\/prusament.com\/cs\/wp-json\/wp\/v2\/media?parent=1277"}],"curies":[{"name":"wp","href":"https:\/\/api.w.org\/{rel}","templated":true}]}}