{"id":1168,"date":"2018-08-14T13:15:06","date_gmt":"2018-08-14T11:15:06","guid":{"rendered":"https:\/\/prusament.com\/how-its-made\/"},"modified":"2018-09-21T10:39:22","modified_gmt":"2018-09-21T08:39:22","slug":"jak-to-delame","status":"publish","type":"page","link":"https:\/\/prusament.com\/cs\/jak-to-delame\/","title":{"rendered":"Jak to d\u011bl\u00e1me"},"content":{"rendered":"","protected":false},"excerpt":{"rendered":"<p>Sou\u010dasn\u00fd trh nebyl schopen uspokojit na\u0161e po\u017eadavky na vysoce kvalitn\u00ed filament, a tak jsme se rozhodli vyrobit si n\u00e1\u0161 vlastn\u00ed &#8211; z materi\u00e1l\u016f pr\u00e9miov\u00e9 kvality p\u0159i striktn\u00ed kvalit\u011b kontroly.<\/p>\n","protected":false},"author":4,"featured_media":272,"parent":0,"menu_order":0,"comment_status":"closed","ping_status":"closed","template":"","meta":{"footnotes":""},"acf":[],"_links":{"self":[{"href":"https:\/\/prusament.com\/cs\/wp-json\/wp\/v2\/pages\/1168"}],"collection":[{"href":"https:\/\/prusament.com\/cs\/wp-json\/wp\/v2\/pages"}],"about":[{"href":"https:\/\/prusament.com\/cs\/wp-json\/wp\/v2\/types\/page"}],"author":[{"embeddable":true,"href":"https:\/\/prusament.com\/cs\/wp-json\/wp\/v2\/users\/4"}],"replies":[{"embeddable":true,"href":"https:\/\/prusament.com\/cs\/wp-json\/wp\/v2\/comments?post=1168"}],"version-history":[{"count":2,"href":"https:\/\/prusament.com\/cs\/wp-json\/wp\/v2\/pages\/1168\/revisions"}],"predecessor-version":[{"id":1185,"href":"https:\/\/prusament.com\/cs\/wp-json\/wp\/v2\/pages\/1168\/revisions\/1185"}],"wp:featuredmedia":[{"embeddable":true,"href":"https:\/\/prusament.com\/cs\/wp-json\/wp\/v2\/media\/272"}],"wp:attachment":[{"href":"https:\/\/prusament.com\/cs\/wp-json\/wp\/v2\/media?parent=1168"}],"curies":[{"name":"wp","href":"https:\/\/api.w.org\/{rel}","templated":true}]}}